{"id":8891,"date":"2018-08-06T16:32:59","date_gmt":"2018-08-06T14:32:59","guid":{"rendered":"http:\/\/www.volverviaggi.it\/blog\/?page_id=8891"},"modified":"2022-05-08T11:36:19","modified_gmt":"2022-05-08T09:36:19","slug":"matrimonioallestero","status":"publish","type":"page","link":"https:\/\/www.volverviaggi.it\/blog\/matrimonioallestero\/","title":{"rendered":"Matrimonio all&#8217;estero"},"content":{"rendered":"<p><div class=\"fusion-fullwidth fullwidth-box fusion-builder-row-1 nonhundred-percent-fullwidth non-hundred-percent-height-scrolling\" style=\"--awb-background-position:left top;--awb-border-sizes-top:0px;--awb-border-sizes-bottom:0px;--awb-border-sizes-left:0px;--awb-border-sizes-right:0px;--awb-border-radius-top-left:0px;--awb-border-radius-top-right:0px;--awb-border-radius-bottom-right:0px;--awb-border-radius-bottom-left:0px;--awb-margin-top:50px;--awb-margin-bottom:50px;--awb-flex-wrap:wrap;\" ><div class=\"fusion-builder-row fusion-row\"><div class=\"fusion-layout-column fusion_builder_column fusion-builder-column-0 fusion_builder_column_1_5 1_5 fusion-one-fifth fusion-column-first\" style=\"--awb-bg-size:cover;width:16.8%; margin-right: 4%;\"><div class=\"fusion-column-wrapper fusion-flex-column-wrapper-legacy\"><div class=\"fusion-clearfix\"><\/div><\/div><\/div><div class=\"fusion-layout-column fusion_builder_column fusion-builder-column-1 fusion_builder_column_3_5 3_5 fusion-three-fifth\" style=\"--awb-bg-size:cover;width:58.4%; margin-right: 4%;\"><div class=\"fusion-column-wrapper fusion-flex-column-wrapper-legacy\"><div class=\"fusion-text fusion-text-1\"><h1>Sposarsi all&#8217;estero<\/h1>\n<\/div><div class=\"fusion-text fusion-text-2\"><p>\u00e8 sempre pi\u00f9 diffusa e ricercata la possibilit\u00e0 di <strong>sposarsi all&#8217;estero<\/strong>.<br \/>\n\u00e8 una scelta adatta a coppie che non amano il classico matrimonio con tanti invitati, ma preferiscono una <strong>romantica fuga a due<\/strong> o accompagnata da pochi intimi.<br \/>\nA differenza di quello che si pensa, sposarsi in <strong>luoghi lontani<\/strong>, su <strong>spiagge mozzafiato<\/strong> \u00e8 un <strong>sogno pi\u00f9 che realizzabile<\/strong>, anche dal punto di vista economico.<\/p>\n<p>Alcuni resort hanno a disposizione interessanti <strong>pacchetti per gli sposi<\/strong>, a volte addirittura gratuiti, con tutto l\u2019occorrente: bouquet per la sposa, cena, torta e tanto ancora, mentre, per chi desidera una <strong>cerimonia personalizzata<\/strong>, \u00e8 possibile affidarsi all\u2019aiuto di una wedding planner locale.<\/p>\n<p>\u00c8 possibile scegliere tra celebrare una <strong>cerimonia con rito civile,<\/strong> che verr\u00e0 riconosciuta in Italia, oppure con <strong>rito simbolico<\/strong> che non ha valenza giuridica.<\/p>\n<p>Per le coppie che non vogliono rinunciare al <strong>rito religioso<\/strong>, il desiderio si pu\u00f2 realizzare in diversi Paesi, in seguito alla richiesta delle opportune autorizzazioni.<\/p>\n<p><strong>Per iniziare la vostra luna di miele dal momento del si, sicuramente il matrimonio all\u2019estero \u00e8 la soluzione ideale<\/strong>.<\/p>\n<\/div><div class=\"fusion-clearfix\"><\/div><\/div><\/div><div class=\"fusion-layout-column fusion_builder_column fusion-builder-column-2 fusion_builder_column_1_5 1_5 fusion-one-fifth fusion-column-last\" style=\"--awb-bg-size:cover;width:16.8%;\"><div class=\"fusion-column-wrapper fusion-flex-column-wrapper-legacy\"><div class=\"fusion-clearfix\"><\/div><\/div><\/div><\/div><\/div><div class=\"fusion-fullwidth fullwidth-box fusion-builder-row-2 fusion-parallax-none nonhundred-percent-fullwidth non-hundred-percent-height-scrolling\" style=\"--awb-border-radius-top-left:0px;--awb-border-radius-top-right:0px;--awb-border-radius-bottom-right:0px;--awb-border-radius-bottom-left:0px;--awb-padding-top:50px;--awb-padding-bottom:50px;--awb-background-color:#d8d8d8;--awb-background-image:url(&quot;http:\/\/www.volverviaggi.it\/blog\/wp-content\/uploads\/2018\/07\/volver-monumenti-background.png&quot;);--awb-background-size:cover;--awb-flex-wrap:wrap;\" ><div class=\"fusion-builder-row fusion-row\"><div class=\"fusion-layout-column fusion_builder_column fusion-builder-column-3 fusion_builder_column_1_5 1_5 fusion-one-fifth fusion-column-first\" style=\"--awb-bg-size:cover;width:20%;width:calc(20% - ( ( 4% + 4% ) * 0.2 ) );margin-right: 4%;\"><div class=\"fusion-column-wrapper fusion-flex-column-wrapper-legacy\"><div class=\"fusion-clearfix\"><\/div><\/div><\/div><div class=\"fusion-layout-column fusion_builder_column fusion-builder-column-4 fusion_builder_column_3_5 3_5 fusion-three-fifth\" style=\"--awb-bg-size:cover;width:60%;width:calc(60% - ( ( 4% + 4% ) * 0.6 ) );margin-right: 4%;\"><div class=\"fusion-column-wrapper fusion-flex-column-wrapper-legacy\"><div class=\"fusion-text fusion-text-3\"><h3 style=\"text-align: center;\"><strong>I vantaggi <\/strong>di scegliere un matrimonio all\u2019estero sono <strong>di vario tipo<\/strong>, a partire dall&#8217;<strong>organizzazione<\/strong>, sicuramente meno stressante rispetto a una cerimonia con tanti invitati, la possibilit\u00e0 di <strong>indossare abiti particolari<\/strong> o <strong>sposarsi a piedi nudi nella sabbia. <\/strong><\/h3>\n<h3 style=\"text-align: center;\"><strong>Il t<\/strong>utto in una <strong>cornice romantica e esotica<\/strong> oppure <strong>molto glamour,<\/strong> a seconda dello stile che si vuole dare al proprio evento.<\/h3>\n<\/div><div class=\"fusion-clearfix\"><\/div><\/div><\/div><div class=\"fusion-layout-column fusion_builder_column fusion-builder-column-5 fusion_builder_column_1_5 1_5 fusion-one-fifth fusion-column-last\" style=\"--awb-bg-size:cover;width:20%;width:calc(20% - ( ( 4% + 4% ) * 0.2 ) );\"><div class=\"fusion-column-wrapper fusion-flex-column-wrapper-legacy\"><div class=\"fusion-clearfix\"><\/div><\/div><\/div><\/div><\/div><div class=\"fusion-fullwidth fullwidth-box fusion-builder-row-3 nonhundred-percent-fullwidth non-hundred-percent-height-scrolling\" style=\"--awb-background-position:left top;--awb-border-sizes-top:0px;--awb-border-sizes-bottom:0px;--awb-border-sizes-left:0px;--awb-border-sizes-right:0px;--awb-border-radius-top-left:0px;--awb-border-radius-top-right:0px;--awb-border-radius-bottom-right:0px;--awb-border-radius-bottom-left:0px;--awb-padding-top:60px;--awb-padding-bottom:110px;--awb-flex-wrap:wrap;\" ><div class=\"fusion-builder-row fusion-row\"><div class=\"fusion-layout-column fusion_builder_column fusion-builder-column-6 fusion_builder_column_1_3 1_3 fusion-one-third fusion-column-first\" style=\"--awb-bg-size:cover;width:33.333333333333%;width:calc(33.333333333333% - ( ( 4% ) * 0.33333333333333 ) );margin-right: 4%;\"><div class=\"fusion-column-wrapper fusion-flex-column-wrapper-legacy\"><div class=\"fusion-image-element in-legacy-container\" style=\"--awb-caption-title-font-family:var(--h2_typography-font-family);--awb-caption-title-font-weight:var(--h2_typography-font-weight);--awb-caption-title-font-style:var(--h2_typography-font-style);--awb-caption-title-size:var(--h2_typography-font-size);--awb-caption-title-transform:var(--h2_typography-text-transform);--awb-caption-title-line-height:var(--h2_typography-line-height);--awb-caption-title-letter-spacing:var(--h2_typography-letter-spacing);\"><span class=\" fusion-imageframe imageframe-none imageframe-1 hover-type-none\"><img decoding=\"async\" width=\"380\" height=\"500\" title=\"volver-matrimonio-estero\" src=\"http:\/\/www.volverviaggi.it\/blog\/wp-content\/uploads\/2018\/08\/volver-matrimonio-estero.jpg\" alt class=\"img-responsive wp-image-8898\" srcset=\"https:\/\/www.volverviaggi.it\/blog\/wp-content\/uploads\/2018\/08\/volver-matrimonio-estero-200x263.jpg 200w, https:\/\/www.volverviaggi.it\/blog\/wp-content\/uploads\/2018\/08\/volver-matrimonio-estero.jpg 380w\" sizes=\"(max-width: 849px) 100vw, 380px\" \/><\/span><\/div><div class=\"fusion-clearfix\"><\/div><\/div><\/div><div class=\"fusion-layout-column fusion_builder_column fusion-builder-column-7 fusion_builder_column_2_3 2_3 fusion-two-third fusion-column-last\" style=\"--awb-bg-size:cover;width:66.666666666667%;width:calc(66.666666666667% - ( ( 4% ) * 0.66666666666667 ) );\"><div class=\"fusion-column-wrapper fusion-flex-column-wrapper-legacy\"><div class=\"fusion-text fusion-text-4\"><h2>La Documentazione principale<\/h2>\n<p>Per chi decide di intraprendere questa strada \u00e8 consigliabile consultarci <strong>almeno<\/strong> <strong>6\/8 mesi prima<\/strong> in quanto \u00e8 obbligatorio presentare una <strong>documentazione precisa<\/strong> e concordare la data del matrimonio con il resort.<\/p>\n<p><strong>I documenti variano in base al Paese di destinazione<\/strong> ma, in linea generale, ecco un elenco di ci\u00f2 che viene richiesto pi\u00f9 di frequente:<\/p>\n<ul>\n<li>Passaporto e certificato di nascita<\/li>\n<li>Copie dei certificati di stato civile<\/li>\n<li>Eventuale certificato di divorzio o di morte del precedente coniuge<\/li>\n<li>Testimoni per la cerimonia (sono forniti direttamente dal resort nel caso sia presente solo la coppia)<\/li>\n<li>Tutti i documenti devono essere autenticati e tradotti anche in inglese o altra lingua indicata e inviati per l\u2019approvazione mesi prima della data prescelta per le nozze.<\/li>\n<\/ul>\n<\/div><div class=\"fusion-clearfix\"><\/div><\/div><\/div><\/div><\/div><div class=\"fusion-fullwidth fullwidth-box fusion-builder-row-4 nonhundred-percent-fullwidth non-hundred-percent-height-scrolling\" style=\"--awb-border-radius-top-left:0px;--awb-border-radius-top-right:0px;--awb-border-radius-bottom-right:0px;--awb-border-radius-bottom-left:0px;--awb-padding-top:100px;--awb-padding-bottom:100px;--awb-background-color:#a41f35;--awb-flex-wrap:wrap;\" ><div class=\"fusion-builder-row fusion-row\"><div class=\"fusion-layout-column fusion_builder_column fusion-builder-column-8 fusion_builder_column_1_5 1_5 fusion-one-fifth fusion-column-first\" style=\"--awb-bg-size:cover;width:20%;width:calc(20% - ( ( 4% + 4% ) * 0.2 ) );margin-right: 4%;\"><div class=\"fusion-column-wrapper fusion-flex-column-wrapper-legacy\"><div class=\"fusion-clearfix\"><\/div><\/div><\/div><div class=\"fusion-layout-column fusion_builder_column fusion-builder-column-9 fusion_builder_column_3_5 3_5 fusion-three-fifth\" style=\"--awb-bg-size:cover;width:60%;width:calc(60% - ( ( 4% + 4% ) * 0.6 ) );margin-right: 4%;\"><div class=\"fusion-column-wrapper fusion-flex-column-wrapper-legacy\"><div class=\"fusion-image-element fusion-image-align-center in-legacy-container\" style=\"text-align:center;--awb-max-width:300px;--awb-caption-title-font-family:var(--h2_typography-font-family);--awb-caption-title-font-weight:var(--h2_typography-font-weight);--awb-caption-title-font-style:var(--h2_typography-font-style);--awb-caption-title-size:var(--h2_typography-font-size);--awb-caption-title-transform:var(--h2_typography-text-transform);--awb-caption-title-line-height:var(--h2_typography-line-height);--awb-caption-title-letter-spacing:var(--h2_typography-letter-spacing);\"><div class=\"imageframe-align-center\"><span class=\" fusion-imageframe imageframe-none imageframe-2 hover-type-none\"><img decoding=\"async\" width=\"684\" height=\"396\" title=\"logo_ufficiale_simona\" src=\"http:\/\/www.volverviaggi.it\/blog\/wp-content\/uploads\/2018\/08\/logo_ufficiale_simona.png\" alt class=\"img-responsive wp-image-8901\" srcset=\"https:\/\/www.volverviaggi.it\/blog\/wp-content\/uploads\/2018\/08\/logo_ufficiale_simona-200x116.png 200w, https:\/\/www.volverviaggi.it\/blog\/wp-content\/uploads\/2018\/08\/logo_ufficiale_simona-400x232.png 400w, https:\/\/www.volverviaggi.it\/blog\/wp-content\/uploads\/2018\/08\/logo_ufficiale_simona-600x347.png 600w, https:\/\/www.volverviaggi.it\/blog\/wp-content\/uploads\/2018\/08\/logo_ufficiale_simona.png 684w\" sizes=\"(max-width: 849px) 100vw, 600px\" \/><\/span><\/div><\/div><div class=\"fusion-text fusion-text-5\"><h3 style=\"text-align: center;\"><span style=\"color: #ffffff;\">Simona Chiavaccini, nota <strong>wedding planner<\/strong> genovese,\u00a0<\/span><br \/>\n<span style=\"color: #ffffff;\">collabora con noi nell&#8217;organizzazione di esclusivi matrimoni alle Maldive.\u00a0<\/span><\/h3>\n<\/div><div class=\"fusion-sep-clear\"><\/div><div class=\"fusion-separator fusion-full-width-sep\" style=\"margin-left: auto;margin-right: auto;margin-top:10px;margin-bottom:10px;width:100%;\"><\/div><div class=\"fusion-sep-clear\"><\/div><div class=\"fusion-button-wrapper fusion-aligncenter\"><a class=\"fusion-button button-flat fusion-button-default-size button-custom fusion-button-default button-1 fusion-button-default-span fusion-button-default-type\" style=\"--button_accent_color:#ffffff;--button_accent_hover_color:#ffffff;--button_border_hover_color:#ffffff;--button_border_width-top:2px;--button_border_width-right:2px;--button_border_width-bottom:2px;--button_border_width-left:2px;--button_gradient_top_color:rgba(255,255,255,0);--button_gradient_bottom_color:rgba(255,255,255,0);--button_gradient_top_color_hover:#7f1229;--button_gradient_bottom_color_hover:#7f1229;\" target=\"_self\" href=\"http:\/\/www.volverviaggi.it\/blog\/contatti-volver-tour-operator-genova\/\"><span class=\"fusion-button-text awb-button__text awb-button__text--default\">Pianifica il tuo matrimonio alle Maldive<\/span><\/a><\/div><div class=\"fusion-clearfix\"><\/div><\/div><\/div><div class=\"fusion-layout-column fusion_builder_column fusion-builder-column-10 fusion_builder_column_1_5 1_5 fusion-one-fifth fusion-column-last\" style=\"--awb-bg-size:cover;width:20%;width:calc(20% - ( ( 4% + 4% ) * 0.2 ) );\"><div class=\"fusion-column-wrapper fusion-flex-column-wrapper-legacy\"><div class=\"fusion-clearfix\"><\/div><\/div><\/div><\/div><\/div><\/p>\n<span class=\"et_bloom_bottom_trigger\"><\/span>","protected":false},"excerpt":{"rendered":"","protected":false},"author":6073,"featured_media":0,"parent":0,"menu_order":0,"comment_status":"closed","ping_status":"open","template":"100-width.php","meta":{"footnotes":""},"class_list":["post-8891","page","type-page","status-publish","hentry"],"yoast_head":"<!-- This site is optimized with the Yoast SEO plugin v27.5 - https:\/\/yoast.com\/product\/yoast-seo-wordpress\/ -->\n<title>Volver Tour Operator realizza ogni desiderio, come un matrimonio all&#039;estero<\/title>\n<meta name=\"description\" content=\"Volver Tour Operator \u00e8 specializzato nel realizzare i desideri di tutti. Come un bel matrimonio all&#039;estero, con rito simbolico, ma anche legale\" \/>\n<meta name=\"robots\" content=\"index, follow, max-snippet:-1, max-image-preview:large, max-video-preview:-1\" \/>\n<link rel=\"canonical\" href=\"http:\/\/www.volverviaggi.it\/blog\/matrimonioallestero\/\" \/>\n<meta name=\"twitter:label1\" content=\"Tempo di lettura stimato\" \/>\n\t<meta name=\"twitter:data1\" content=\"6 minuti\" \/>\n<script type=\"application\/ld+json\" class=\"yoast-schema-graph\">{\"@context\":\"https:\\\/\\\/schema.org\",\"@graph\":[{\"@type\":\"WebPage\",\"@id\":\"http:\\\/\\\/www.volverviaggi.it\\\/blog\\\/matrimonioallestero\\\/\",\"url\":\"http:\\\/\\\/www.volverviaggi.it\\\/blog\\\/matrimonioallestero\\\/\",\"name\":\"Volver Tour Operator realizza ogni desiderio, come un matrimonio all'estero\",\"isPartOf\":{\"@id\":\"http:\\\/\\\/www.volverviaggi.it\\\/blog\\\/#website\"},\"datePublished\":\"2018-08-06T14:32:59+00:00\",\"dateModified\":\"2022-05-08T09:36:19+00:00\",\"description\":\"Volver Tour Operator \u00e8 specializzato nel realizzare i desideri di tutti. Come un bel matrimonio all'estero, con rito simbolico, ma anche legale\",\"breadcrumb\":{\"@id\":\"http:\\\/\\\/www.volverviaggi.it\\\/blog\\\/matrimonioallestero\\\/#breadcrumb\"},\"inLanguage\":\"it-IT\",\"potentialAction\":[{\"@type\":\"ReadAction\",\"target\":[\"http:\\\/\\\/www.volverviaggi.it\\\/blog\\\/matrimonioallestero\\\/\"]}]},{\"@type\":\"BreadcrumbList\",\"@id\":\"http:\\\/\\\/www.volverviaggi.it\\\/blog\\\/matrimonioallestero\\\/#breadcrumb\",\"itemListElement\":[{\"@type\":\"ListItem\",\"position\":1,\"name\":\"Home\",\"item\":\"http:\\\/\\\/www.volverviaggi.it\\\/blog\\\/\"},{\"@type\":\"ListItem\",\"position\":2,\"name\":\"Matrimonio all&#8217;estero\"}]},{\"@type\":\"WebSite\",\"@id\":\"http:\\\/\\\/www.volverviaggi.it\\\/blog\\\/#website\",\"url\":\"http:\\\/\\\/www.volverviaggi.it\\\/blog\\\/\",\"name\":\"Volver\",\"description\":\"Viaggi e Turismo\",\"publisher\":{\"@id\":\"http:\\\/\\\/www.volverviaggi.it\\\/blog\\\/#organization\"},\"potentialAction\":[{\"@type\":\"SearchAction\",\"target\":{\"@type\":\"EntryPoint\",\"urlTemplate\":\"http:\\\/\\\/www.volverviaggi.it\\\/blog\\\/?s={search_term_string}\"},\"query-input\":{\"@type\":\"PropertyValueSpecification\",\"valueRequired\":true,\"valueName\":\"search_term_string\"}}],\"inLanguage\":\"it-IT\"},{\"@type\":\"Organization\",\"@id\":\"http:\\\/\\\/www.volverviaggi.it\\\/blog\\\/#organization\",\"name\":\"Volver Viaggi | Agenzia di Viaggi a Genova\",\"url\":\"http:\\\/\\\/www.volverviaggi.it\\\/blog\\\/\",\"logo\":{\"@type\":\"ImageObject\",\"inLanguage\":\"it-IT\",\"@id\":\"http:\\\/\\\/www.volverviaggi.it\\\/blog\\\/#\\\/schema\\\/logo\\\/image\\\/\",\"url\":\"http:\\\/\\\/www.volverviaggi.it\\\/blog\\\/wp-content\\\/uploads\\\/2018\\\/09\\\/39952697_1750938755014225_483472446897258496_n.jpg\",\"contentUrl\":\"http:\\\/\\\/www.volverviaggi.it\\\/blog\\\/wp-content\\\/uploads\\\/2018\\\/09\\\/39952697_1750938755014225_483472446897258496_n.jpg\",\"width\":678,\"height\":678,\"caption\":\"Volver Viaggi | Agenzia di Viaggi a Genova\"},\"image\":{\"@id\":\"http:\\\/\\\/www.volverviaggi.it\\\/blog\\\/#\\\/schema\\\/logo\\\/image\\\/\"},\"sameAs\":[\"https:\\\/\\\/www.facebook.com\\\/volvertouroperator\\\/\"]}]}<\/script>\n<!-- \/ Yoast SEO plugin. -->","yoast_head_json":{"title":"Volver Tour Operator realizza ogni desiderio, come un matrimonio all'estero","description":"Volver Tour Operator \u00e8 specializzato nel realizzare i desideri di tutti. Come un bel matrimonio all'estero, con rito simbolico, ma anche legale","robots":{"index":"index","follow":"follow","max-snippet":"max-snippet:-1","max-image-preview":"max-image-preview:large","max-video-preview":"max-video-preview:-1"},"canonical":"http:\/\/www.volverviaggi.it\/blog\/matrimonioallestero\/","twitter_misc":{"Tempo di lettura stimato":"6 minuti"},"schema":{"@context":"https:\/\/schema.org","@graph":[{"@type":"WebPage","@id":"http:\/\/www.volverviaggi.it\/blog\/matrimonioallestero\/","url":"http:\/\/www.volverviaggi.it\/blog\/matrimonioallestero\/","name":"Volver Tour Operator realizza ogni desiderio, come un matrimonio all'estero","isPartOf":{"@id":"http:\/\/www.volverviaggi.it\/blog\/#website"},"datePublished":"2018-08-06T14:32:59+00:00","dateModified":"2022-05-08T09:36:19+00:00","description":"Volver Tour Operator \u00e8 specializzato nel realizzare i desideri di tutti. Come un bel matrimonio all'estero, con rito simbolico, ma anche legale","breadcrumb":{"@id":"http:\/\/www.volverviaggi.it\/blog\/matrimonioallestero\/#breadcrumb"},"inLanguage":"it-IT","potentialAction":[{"@type":"ReadAction","target":["http:\/\/www.volverviaggi.it\/blog\/matrimonioallestero\/"]}]},{"@type":"BreadcrumbList","@id":"http:\/\/www.volverviaggi.it\/blog\/matrimonioallestero\/#breadcrumb","itemListElement":[{"@type":"ListItem","position":1,"name":"Home","item":"http:\/\/www.volverviaggi.it\/blog\/"},{"@type":"ListItem","position":2,"name":"Matrimonio all&#8217;estero"}]},{"@type":"WebSite","@id":"http:\/\/www.volverviaggi.it\/blog\/#website","url":"http:\/\/www.volverviaggi.it\/blog\/","name":"Volver","description":"Viaggi e Turismo","publisher":{"@id":"http:\/\/www.volverviaggi.it\/blog\/#organization"},"potentialAction":[{"@type":"SearchAction","target":{"@type":"EntryPoint","urlTemplate":"http:\/\/www.volverviaggi.it\/blog\/?s={search_term_string}"},"query-input":{"@type":"PropertyValueSpecification","valueRequired":true,"valueName":"search_term_string"}}],"inLanguage":"it-IT"},{"@type":"Organization","@id":"http:\/\/www.volverviaggi.it\/blog\/#organization","name":"Volver Viaggi | Agenzia di Viaggi a Genova","url":"http:\/\/www.volverviaggi.it\/blog\/","logo":{"@type":"ImageObject","inLanguage":"it-IT","@id":"http:\/\/www.volverviaggi.it\/blog\/#\/schema\/logo\/image\/","url":"http:\/\/www.volverviaggi.it\/blog\/wp-content\/uploads\/2018\/09\/39952697_1750938755014225_483472446897258496_n.jpg","contentUrl":"http:\/\/www.volverviaggi.it\/blog\/wp-content\/uploads\/2018\/09\/39952697_1750938755014225_483472446897258496_n.jpg","width":678,"height":678,"caption":"Volver Viaggi | Agenzia di Viaggi a Genova"},"image":{"@id":"http:\/\/www.volverviaggi.it\/blog\/#\/schema\/logo\/image\/"},"sameAs":["https:\/\/www.facebook.com\/volvertouroperator\/"]}]}},"_links":{"self":[{"href":"https:\/\/www.volverviaggi.it\/blog\/wp-json\/wp\/v2\/pages\/8891","targetHints":{"allow":["GET"]}}],"collection":[{"href":"https:\/\/www.volverviaggi.it\/blog\/wp-json\/wp\/v2\/pages"}],"about":[{"href":"https:\/\/www.volverviaggi.it\/blog\/wp-json\/wp\/v2\/types\/page"}],"author":[{"embeddable":true,"href":"https:\/\/www.volverviaggi.it\/blog\/wp-json\/wp\/v2\/users\/6073"}],"replies":[{"embeddable":true,"href":"https:\/\/www.volverviaggi.it\/blog\/wp-json\/wp\/v2\/comments?post=8891"}],"version-history":[{"count":4,"href":"https:\/\/www.volverviaggi.it\/blog\/wp-json\/wp\/v2\/pages\/8891\/revisions"}],"predecessor-version":[{"id":12209,"href":"https:\/\/www.volverviaggi.it\/blog\/wp-json\/wp\/v2\/pages\/8891\/revisions\/12209"}],"wp:attachment":[{"href":"https:\/\/www.volverviaggi.it\/blog\/wp-json\/wp\/v2\/media?parent=8891"}],"curies":[{"name":"wp","href":"https:\/\/api.w.org\/{rel}","templated":true}]}}